{"id":2456,"date":"2020-08-08T15:59:07","date_gmt":"2020-08-08T13:59:07","guid":{"rendered":"http:\/\/hkangles.com\/dilevars\/datasite\/?page_id=2456"},"modified":"2022-06-09T12:08:04","modified_gmt":"2022-06-09T10:08:04","slug":"faq-2","status":"publish","type":"page","link":"https:\/\/www.h-agem.cz\/?page_id=2456","title":{"rendered":"\u010cast\u00e9 dotazy"},"content":{"rendered":"\t\t<div data-elementor-type=\"wp-page\" data-elementor-id=\"2456\" class=\"elementor elementor-2456\">\n\t\t\t\t\t\t<div class=\"elementor-inner\">\n\t\t\t\t<div class=\"elementor-section-wrap\">\n\t\t\t\t\t\t\t\t\t<section class=\"elementor-section elementor-top-section elementor-element elementor-element-18296e95 elementor-section-boxed elementor-section-height-default elementor-section-height-default cd-bg-color-transparent\" data-id=\"18296e95\" data-element_type=\"section\">\n\t\t\t\t\t\t<div class=\"elementor-container elementor-column-gap-no\">\n\t\t\t\t\t\t\t<div class=\"elementor-row\">\n\t\t\t\t\t<div class=\"elementor-column elementor-col-100 elementor-top-column elementor-element elementor-element-4ba3b46b cd-bg-color-transparent\" data-id=\"4ba3b46b\" data-element_type=\"column\">\n\t\t\t<div class=\"elementor-column-wrap elementor-element-populated\">\n\t\t\t\t\t\t\t<div class=\"elementor-widget-wrap\">\n\t\t\t\t\t\t<div class=\"elementor-element elementor-element-318ca141 elementor-widget elementor-widget-dilevars-custom-heading\" data-id=\"318ca141\" data-element_type=\"widget\" data-widget_type=\"dilevars-custom-heading.default\">\n\t\t\t\t<div class=\"elementor-widget-container\">\n\t\t\t\t\t<div class=\"dilevars_custom_heading_wrapper dilevars-custom-heading1946534613 custom-heading-style-1 subtitle-text- title-text- heading-alignment-center\">\r\n\t\t\t<div class=\"dilevars-custom-heading-wrapper\">\r\n\t\t\t<div class=\"dilevars-heading-subtitle-wrapper\">\r\n\t\t\t<h3 class=\"heading-subtitle\">\r\n\t\t\t\tFaq\t\t\t<\/h3>\r\n\t\t<\/div>\r\n\t\t\t\t<div class=\"dilevars-heading-title-wrapper\">\r\n\t\t\t<h3 class=\"heading-title\">\r\n\t\t\t\t\u010cast\u00e9 dotazy\t\t\t<\/h3>\r\n\t\t<\/div>\r\n\t\t<\/div>\t\t<\/div>\r\n\t\t\t\t<\/div>\n\t\t\t\t<\/div>\n\t\t\t\t\t\t<\/div>\n\t\t\t\t\t<\/div>\n\t\t<\/div>\n\t\t\t\t\t\t\t\t<\/div>\n\t\t\t\t\t<\/div>\n\t\t<\/section>\n\t\t\t\t<section class=\"elementor-section elementor-top-section elementor-element elementor-element-481025f5 elementor-section-boxed elementor-section-height-default elementor-section-height-default cd-bg-color-transparent\" data-id=\"481025f5\" data-element_type=\"section\">\n\t\t\t\t\t\t<div class=\"elementor-container elementor-column-gap-no\">\n\t\t\t\t\t\t\t<div class=\"elementor-row\">\n\t\t\t\t\t<div class=\"elementor-column elementor-col-100 elementor-top-column elementor-element elementor-element-7f38c25d cd-bg-color-transparent\" data-id=\"7f38c25d\" data-element_type=\"column\">\n\t\t\t<div class=\"elementor-column-wrap elementor-element-populated\">\n\t\t\t\t\t\t\t<div class=\"elementor-widget-wrap\">\n\t\t\t\t\t\t<div class=\"elementor-element elementor-element-44f3f49e elementor-widget elementor-widget-accordion\" data-id=\"44f3f49e\" data-element_type=\"widget\" data-widget_type=\"accordion.default\">\n\t\t\t\t<div class=\"elementor-widget-container\">\n\t\t\t<style>\/*! elementor - v3.6.6 - 08-06-2022 *\/\n.elementor-accordion{text-align:left}.elementor-accordion .elementor-accordion-item{border:1px solid #d4d4d4}.elementor-accordion .elementor-accordion-item+.elementor-accordion-item{border-top:none}.elementor-accordion .elementor-tab-title{margin:0;padding:15px 20px;font-weight:700;line-height:1;cursor:pointer;outline:none}.elementor-accordion .elementor-tab-title .elementor-accordion-icon{display:inline-block;width:1.5em}.elementor-accordion .elementor-tab-title .elementor-accordion-icon svg{width:1em;height:1em}.elementor-accordion .elementor-tab-title .elementor-accordion-icon.elementor-accordion-icon-right{float:right;text-align:right}.elementor-accordion .elementor-tab-title .elementor-accordion-icon.elementor-accordion-icon-left{float:left;text-align:left}.elementor-accordion .elementor-tab-title .elementor-accordion-icon .elementor-accordion-icon-closed{display:block}.elementor-accordion .elementor-tab-title .elementor-accordion-icon .elementor-accordion-icon-opened,.elementor-accordion .elementor-tab-title.elementor-active .elementor-accordion-icon-closed{display:none}.elementor-accordion .elementor-tab-title.elementor-active .elementor-accordion-icon-opened{display:block}.elementor-accordion .elementor-tab-content{display:none;padding:15px 20px;border-top:1px solid #d4d4d4}@media (max-width:767px){.elementor-accordion .elementor-tab-title{padding:12px 15px}.elementor-accordion .elementor-tab-title .elementor-accordion-icon{width:1.2em}.elementor-accordion .elementor-tab-content{padding:7px 15px}}<\/style>\t\t<div class=\"elementor-accordion\" role=\"tablist\">\n\t\t\t\t\t\t\t<div class=\"elementor-accordion-item\">\n\t\t\t\t\t<div id=\"elementor-tab-title-1151\" class=\"elementor-tab-title\" data-tab=\"1\" role=\"tab\" aria-controls=\"elementor-tab-content-1151\" aria-expanded=\"false\">\n\t\t\t\t\t\t\t\t\t\t\t\t\t<span class=\"elementor-accordion-icon elementor-accordion-icon-right\" aria-hidden=\"true\">\n\t\t\t\t\t\t\t\t\t\t\t\t\t\t\t<span class=\"elementor-accordion-icon-closed\"><i class=\"fas fa-plus\"><\/i><\/span>\n\t\t\t\t\t\t\t\t<span class=\"elementor-accordion-icon-opened\"><i class=\"fas fa-minus\"><\/i><\/span>\n\t\t\t\t\t\t\t\t\t\t\t\t\t\t<\/span>\n\t\t\t\t\t\t\t\t\t\t\t\t<a class=\"elementor-accordion-title\" href=\"\">Co je Fulfillment centrum?<\/a>\n\t\t\t\t\t<\/div>\n\t\t\t\t\t<div id=\"elementor-tab-content-1151\" class=\"elementor-tab-content elementor-clearfix\" data-tab=\"1\" role=\"tabpanel\" aria-labelledby=\"elementor-tab-title-1151\"><p>Fulfillment centrum (distribu\u010dn\u00ed centrum) je skladov\u00fd prostor pro v\u00fdrobky prod\u00e1van\u00e9 p\u0159es internetov\u00fd obchod. Term\u00edn se pou\u017e\u00edv\u00e1 pro ozna\u010den\u00ed firem, kter\u00e9 se specializuj\u00ed na skladov\u00e1n\u00ed a vybavov\u00e1n\u00ed prodan\u00e9ho zbo\u017e\u00ed pro jin\u00e9 firmy. Provozovatel fulfillment centra tedy zbo\u017e\u00ed bal\u00ed a pos\u00edl\u00e1 koncov\u00e9mu z\u00e1kazn\u00edkovi.\u00a0<\/p><p><b>Fulfillment<\/b>\u00a0je slu\u017eba, kter\u00e1 za v\u00e1s za\u0159\u00edd\u00ed kompletn\u00ed skladovac\u00ed a logistick\u00fd servis od p\u0159evzet\u00ed a\u017e po doru\u010den\u00ed bal\u00edku\u00a0<\/p><\/div>\n\t\t\t\t<\/div>\n\t\t\t\t\t\t\t<div class=\"elementor-accordion-item\">\n\t\t\t\t\t<div id=\"elementor-tab-title-1152\" class=\"elementor-tab-title\" data-tab=\"2\" role=\"tab\" aria-controls=\"elementor-tab-content-1152\" aria-expanded=\"false\">\n\t\t\t\t\t\t\t\t\t\t\t\t\t<span class=\"elementor-accordion-icon elementor-accordion-icon-right\" aria-hidden=\"true\">\n\t\t\t\t\t\t\t\t\t\t\t\t\t\t\t<span class=\"elementor-accordion-icon-closed\"><i class=\"fas fa-plus\"><\/i><\/span>\n\t\t\t\t\t\t\t\t<span class=\"elementor-accordion-icon-opened\"><i class=\"fas fa-minus\"><\/i><\/span>\n\t\t\t\t\t\t\t\t\t\t\t\t\t\t<\/span>\n\t\t\t\t\t\t\t\t\t\t\t\t<a class=\"elementor-accordion-title\" href=\"\">Co znamen\u00e1 Konsigna\u010dn\u00ed sklad?<\/a>\n\t\t\t\t\t<\/div>\n\t\t\t\t\t<div id=\"elementor-tab-content-1152\" class=\"elementor-tab-content elementor-clearfix\" data-tab=\"2\" role=\"tabpanel\" aria-labelledby=\"elementor-tab-title-1152\"><p>Jedn\u00e1 se o sklad z\u00e1sob materi\u00e1lu, surovin nebo zbo\u017e\u00ed, kter\u00fd je z\u0159\u00edzen takzvan\u011b u nevlastn\u00edka. Konsigna\u010dn\u00ed sklad vede konsignat\u00e1\u0159, j\u00edm\u017e m\u016f\u017ee, ale nemus\u00ed b\u00fdt odb\u011bratel \u010di z\u00e1kazn\u00edk.<\/p><p>Konsigna\u010dn\u00ed sklad u odb\u011bratele je vhodn\u00fdm \u0159e\u0161en\u00edm pro zaji\u0161t\u011bn\u00ed plynulosti v\u00fdroby na stran\u011b odb\u011bratele a z\u00e1rove\u0148 je v\u00fdhodn\u00fd i pro dodavatele, kter\u00fd\u00a0<strong>nedisponuje vlastn\u00edmi skladovac\u00edmi prostorami<\/strong>. \u00da\u010delem tohoto typu skladu je co nejv\u011bt\u0161\u00ed p\u0159ibl\u00ed\u017een\u00ed z\u00e1sob z\u00e1kazn\u00edkovi tak, aby z\u00a0n\u011bj mohl v\u00a0p\u0159\u00edpad\u011b pot\u0159eby z\u00e1soby \u010derpat. A\u017e na z\u00e1klad\u011b uskute\u010dn\u011bn\u00e9ho vyskladn\u011bn\u00ed doch\u00e1z\u00ed k\u00a0fakturaci materi\u00e1lu, surovin nebo zbo\u017e\u00ed ze strany dodavatele odb\u011brateli.<\/p><\/div>\n\t\t\t\t<\/div>\n\t\t\t\t\t\t\t<div class=\"elementor-accordion-item\">\n\t\t\t\t\t<div id=\"elementor-tab-title-1153\" class=\"elementor-tab-title\" data-tab=\"3\" role=\"tab\" aria-controls=\"elementor-tab-content-1153\" aria-expanded=\"false\">\n\t\t\t\t\t\t\t\t\t\t\t\t\t<span class=\"elementor-accordion-icon elementor-accordion-icon-right\" aria-hidden=\"true\">\n\t\t\t\t\t\t\t\t\t\t\t\t\t\t\t<span class=\"elementor-accordion-icon-closed\"><i class=\"fas fa-plus\"><\/i><\/span>\n\t\t\t\t\t\t\t\t<span class=\"elementor-accordion-icon-opened\"><i class=\"fas fa-minus\"><\/i><\/span>\n\t\t\t\t\t\t\t\t\t\t\t\t\t\t<\/span>\n\t\t\t\t\t\t\t\t\t\t\t\t<a class=\"elementor-accordion-title\" href=\"\">Jak se k n\u00e1m dostanete?<\/a>\n\t\t\t\t\t<\/div>\n\t\t\t\t\t<div id=\"elementor-tab-content-1153\" class=\"elementor-tab-content elementor-clearfix\" data-tab=\"3\" role=\"tabpanel\" aria-labelledby=\"elementor-tab-title-1153\"><p>Z Prahy po d\u00e1lnici E 48 na Karlovy Vary, sjezd Exit 2, pot\u00e9 p\u0159es 2 kruhov\u00e9 objezdy do haly Segro Park. P\u0159ehledn\u011bji mapa v <a href=\"https:\/\/www.h-agem.cz\/?page_id=1335\">kontaktech<\/a>.\u00a0<\/p><\/div>\n\t\t\t\t<\/div>\n\t\t\t\t\t\t\t\t<\/div>\n\t\t\t\t<\/div>\n\t\t\t\t<\/div>\n\t\t\t\t\t\t<\/div>\n\t\t\t\t\t<\/div>\n\t\t<\/div>\n\t\t\t\t\t\t\t\t<\/div>\n\t\t\t\t\t<\/div>\n\t\t<\/section>\n\t\t\t\t<section class=\"elementor-section elementor-top-section elementor-element elementor-element-fb00a76 elementor-section-boxed elementor-section-height-default elementor-section-height-default cd-bg-color-transparent\" data-id=\"fb00a76\" data-element_type=\"section\">\n\t\t\t\t\t\t<div class=\"elementor-container elementor-column-gap-default\">\n\t\t\t\t\t\t\t<div class=\"elementor-row\">\n\t\t\t\t\t<div class=\"elementor-column elementor-col-100 elementor-top-column elementor-element elementor-element-0ff0896 cd-bg-color-transparent\" data-id=\"0ff0896\" data-element_type=\"column\">\n\t\t\t<div class=\"elementor-column-wrap\">\n\t\t\t\t\t\t\t<div class=\"elementor-widget-wrap\">\n\t\t\t\t\t\t\t\t<\/div>\n\t\t\t\t\t<\/div>\n\t\t<\/div>\n\t\t\t\t\t\t\t\t<\/div>\n\t\t\t\t\t<\/div>\n\t\t<\/section>\n\t\t\t\t\t\t\t\t\t<\/div>\n\t\t\t<\/div>\n\t\t\t\t\t<\/div>\n\t\t","protected":false},"excerpt":{"rendered":"<p>Faq \u010cast\u00e9 dotazy Co je Fulfillment centrum? Fulfillment centrum (distribu\u010dn\u00ed centrum) je skladov\u00fd prostor pro v\u00fdrobky prod\u00e1van\u00e9 p\u0159es internetov\u00fd obchod. Term\u00edn se pou\u017e\u00edv\u00e1 pro ozna\u010den\u00ed firem, kter\u00e9 se specializuj\u00ed na skladov\u00e1n\u00ed a vybavov\u00e1n\u00ed prodan\u00e9ho zbo\u017e\u00ed pro jin\u00e9 firmy. Provozovatel fulfillment centra tedy zbo\u017e\u00ed bal\u00ed a pos\u00edl\u00e1 koncov\u00e9mu z\u00e1kazn\u00edkovi.\u00a0 Fulfillment\u00a0je slu\u017eba, kter\u00e1 za v\u00e1s za\u0159\u00edd\u00ed kompletn\u00ed [&hellip;]<\/p>\n","protected":false},"author":1,"featured_media":0,"parent":0,"menu_order":0,"comment_status":"closed","ping_status":"closed","template":"","meta":[],"_links":{"self":[{"href":"https:\/\/www.h-agem.cz\/index.php?rest_route=\/wp\/v2\/pages\/2456"}],"collection":[{"href":"https:\/\/www.h-agem.cz\/index.php?rest_route=\/wp\/v2\/pages"}],"about":[{"href":"https:\/\/www.h-agem.cz\/index.php?rest_route=\/wp\/v2\/types\/page"}],"author":[{"embeddable":true,"href":"https:\/\/www.h-agem.cz\/index.php?rest_route=\/wp\/v2\/users\/1"}],"replies":[{"embeddable":true,"href":"https:\/\/www.h-agem.cz\/index.php?rest_route=%2Fwp%2Fv2%2Fcomments&post=2456"}],"version-history":[{"count":10,"href":"https:\/\/www.h-agem.cz\/index.php?rest_route=\/wp\/v2\/pages\/2456\/revisions"}],"predecessor-version":[{"id":4016,"href":"https:\/\/www.h-agem.cz\/index.php?rest_route=\/wp\/v2\/pages\/2456\/revisions\/4016"}],"wp:attachment":[{"href":"https:\/\/www.h-agem.cz\/index.php?rest_route=%2Fwp%2Fv2%2Fmedia&parent=2456"}],"curies":[{"name":"wp","href":"https:\/\/api.w.org\/{rel}","templated":true}]}}